{"id":154,"date":"2015-07-16T09:12:44","date_gmt":"2015-07-16T09:12:44","guid":{"rendered":"https:\/\/test.kriesi.at\/minimal-portfolio\/?page_id=154"},"modified":"2020-09-23T14:46:45","modified_gmt":"2020-09-23T12:46:45","slug":"about","status":"publish","type":"page","link":"https:\/\/trinome.be\/fr\/about\/","title":{"rendered":"A propos"},"content":{"rendered":"<div id='av-layout-grid-1'  class='av-layout-grid-container av-193uga-d1a641b355e1a1be1f961d8276446890 entry-content-wrapper main_color av-flex-cells  avia-builder-el-0  el_before_av_section  avia-builder-el-first   container_wrap fullsize'  >\n\n<style type=\"text\/css\" data-created_by=\"avia_inline_auto\" id=\"style-css-av-10zvne-1f5e522a9aa13feaeac49b2b5193d5e2\">\n.flex_cell.av-10zvne-1f5e522a9aa13feaeac49b2b5193d5e2{\nvertical-align:top;\nheight:400px;\nmin-height:400px;\nbackground:url(https:\/\/trinome.be\/wp-content\/uploads\/2019\/01\/Trinome_Blockx_Facade_about_02.jpg) 0% 50% no-repeat scroll ;\n}\n.responsive #top #wrap_all .flex_cell.av-10zvne-1f5e522a9aa13feaeac49b2b5193d5e2{\npadding:0px 0px 0px 0px !important;\n}\n<\/style>\n<div class='flex_cell av-10zvne-1f5e522a9aa13feaeac49b2b5193d5e2 av-gridrow-cell av_one_full no_margin  avia-builder-el-1  avia-builder-el-no-sibling  content-align-top av-zero-padding avia-full-stretch'  ><div class='flex_cell_inner'><\/div><\/div><\/div><div id='av_section_1'  class='avia-section av-wi2sy-2b3db007205418c5a5f5e490c4fb51b2 main_color avia-section-default avia-no-border-styling  avia-builder-el-2  el_after_av_layout_row  avia-builder-el-last  avia-bg-style-scroll container_wrap fullsize'  ><div class='container av-section-cont-open' ><div class='template-page content  av-content-full alpha units'><div class='post-entry post-entry-type-page post-entry-154'><div class='entry-content-wrapper clearfix'>\n\n<style type=\"text\/css\" data-created_by=\"avia_inline_auto\" id=\"style-css-av-s5vci-4247607e2b03cfb655bd09b87b82b468\">\n.flex_column.av-s5vci-4247607e2b03cfb655bd09b87b82b468{\nborder-radius:0px 0px 0px 0px;\npadding:0px 0px 0px 0px;\n}\n<\/style>\n<div  class='flex_column av-s5vci-4247607e2b03cfb655bd09b87b82b468 av_three_fourth  avia-builder-el-3  el_before_av_three_fourth  avia-builder-el-first  first flex_column_div av-zero-column-padding  '     ><section  class='av_textblock_section av-mcsca-8513457a646a7c399b9d819e2b624a0d '   itemscope=\"itemscope\" itemtype=\"https:\/\/schema.org\/CreativeWork\" ><div class='avia_textblock'  itemprop=\"text\" ><h2>Trin\u00f4me<\/h2>\n<p>Fond\u00e9e en 2005, bas\u00e9e \u00e0 Bruxelles mais active dans toute la Belgique, Trin\u00f4me aborde tous les domaines du design graphique: branding, print, web, expo, signal\u00e9tique, en 2D ou en 3D. Trin\u00f4me est actif dans diff\u00e9rents domaines: institutionnel, culturel et B2B. Un ma\u00eetre mot: \u00eatre \u00e0 l\u2019\u00e9coute de ses clients et mettre sa cr\u00e9ativit\u00e9 au service de leur communication.<br \/>\nTrin\u00f4me d\u00e9veloppe avec ses clients une relation durable bas\u00e9e sur la confiance. Deux \u00e9l\u00e9ments sont d\u00e9terminants \u00e0 cet \u00e9gard: le respect des d\u00e9lais et des budgets!<br \/>\nEnfin, Trin\u00f4me conjugue la souplesse d\u2019une structure cr\u00e9ative et le professionnalisme d\u2019un team exp\u00e9riment\u00e9. Sa sp\u00e9cificit\u00e9: concevoir chaque projet avec passion et le mener \u00e0 son terme, quel que soit le mode de diffusion ou de production.<\/p>\n<\/div><\/section><\/div>\n<style type=\"text\/css\" data-created_by=\"avia_inline_auto\" id=\"style-css-av-fulsa-aace326d60bea02bfe57bb5219e91334\">\n.flex_column.av-fulsa-aace326d60bea02bfe57bb5219e91334{\nborder-radius:0px 0px 0px 0px;\npadding:0px 0px 0px 0px;\n}\n<\/style>\n<div  class='flex_column av-fulsa-aace326d60bea02bfe57bb5219e91334 av_three_fourth  avia-builder-el-5  el_after_av_three_fourth  avia-builder-el-last  first flex_column_div av-zero-column-padding  column-top-margin'     ><section  class='av_textblock_section av-bwjl6-f40e060d31d723339dc71b06f23ea758 '   itemscope=\"itemscope\" itemtype=\"https:\/\/schema.org\/CreativeWork\" ><div class='avia_textblock'  itemprop=\"text\" ><h2>Domaines de cr\u00e9ation<\/h2>\n<p><strong>BRANDING \/<\/strong> \u00e9tude et cr\u00e9ation le logos, d\u00e9veloppement d\u2019identit\u00e9s visuelles et r\u00e9alisation de chartes graphiques<\/p>\n<p><strong>WEB \/<\/strong> web design &#038; d\u00e9veloppement<\/p>\n<p><strong>2D \/<\/strong> conception de publications: rapports annuels, ouvrages scientifiques, brochures institutionnelles, catalogues, magazines, affiches, flyers, annonces\u2026 et suivi de production<\/p>\n<p><strong>3D \/<\/strong> sc\u00e9nographie d\u2019expositions et conception d\u2019espaces m\u00e9diation, signal\u00e9tique de b\u00e2timents, vitrophanie, habillage de stands et de displays (pop-up, roll-up, banner, \u2026) et conduite d\u2019ex\u00e9cution<\/p>\n<p><strong>ILLUSTRATION \/<\/strong> 2D ou 3D, infographie, pictogrammes, animation<\/p>\n<\/div><\/section><\/div>\n<\/p>\n","protected":false},"excerpt":{"rendered":"","protected":false},"author":7,"featured_media":0,"parent":0,"menu_order":0,"comment_status":"open","ping_status":"open","template":"","meta":{"footnotes":""},"class_list":["post-154","page","type-page","status-publish","hentry"],"_links":{"self":[{"href":"https:\/\/trinome.be\/fr\/wp-json\/wp\/v2\/pages\/154","targetHints":{"allow":["GET"]}}],"collection":[{"href":"https:\/\/trinome.be\/fr\/wp-json\/wp\/v2\/pages"}],"about":[{"href":"https:\/\/trinome.be\/fr\/wp-json\/wp\/v2\/types\/page"}],"author":[{"embeddable":true,"href":"https:\/\/trinome.be\/fr\/wp-json\/wp\/v2\/users\/7"}],"replies":[{"embeddable":true,"href":"https:\/\/trinome.be\/fr\/wp-json\/wp\/v2\/comments?post=154"}],"version-history":[{"count":0,"href":"https:\/\/trinome.be\/fr\/wp-json\/wp\/v2\/pages\/154\/revisions"}],"wp:attachment":[{"href":"https:\/\/trinome.be\/fr\/wp-json\/wp\/v2\/media?parent=154"}],"curies":[{"name":"wp","href":"https:\/\/api.w.org\/{rel}","templated":true}]}}